{"id":9,"date":"2022-09-02T10:30:48","date_gmt":"2022-09-02T10:30:48","guid":{"rendered":"https:\/\/arendus.pihlakas.eu\/?page_id=9"},"modified":"2023-06-28T09:57:42","modified_gmt":"2023-06-28T09:57:42","slug":"hinnad","status":"publish","type":"page","link":"https:\/\/arendus.pihlakas.eu\/ru\/hinnad\/","title":{"rendered":"\u0426\u0435\u043d\u044b"},"content":{"rendered":"<div class=\"wp-block-group\"><div class=\"wp-block-group__inner-container is-layout-flow wp-block-group-is-layout-flow\">\n<div class=\"wp-block-group\"><div class=\"wp-block-group__inner-container is-layout-flow wp-block-group-is-layout-flow\">\n<div class=\"wp-block-columns is-layout-flex wp-container-core-columns-is-layout-9d6595d7 wp-block-columns-is-layout-flex\">\n<div class=\"wp-block-column is-layout-flow wp-block-column-is-layout-flow\" style=\"flex-basis:100%\">\n<div class=\"wp-block-group has-medium-font-size\"><div class=\"wp-block-group__inner-container is-layout-flow wp-block-group-is-layout-flow\">\n<div class=\"wp-block-group\"><div class=\"wp-block-group__inner-container is-layout-flow wp-block-group-is-layout-flow\">\n<div class=\"wp-block-group\"><div class=\"wp-block-group__inner-container is-layout-flow wp-block-group-is-layout-flow\">\n<div class=\"wp-block-columns has-very-light-gray-to-cyan-bluish-gray-gradient-background has-background is-layout-flex wp-container-core-columns-is-layout-9d6595d7 wp-block-columns-is-layout-flex\">\n<div class=\"wp-block-column is-layout-flow wp-block-column-is-layout-flow\" style=\"flex-basis:100%\">\n<figure class=\"wp-block-table is-style-stripes has-small-font-size\"><table class=\"has-fixed-layout\"><thead><tr><th class=\"has-text-align-left\" data-align=\"left\"><strong>\u041e\u0441\u043e\u0431\u0435\u043d\u043d\u043e\u0441\u0442\u044c<\/strong><\/th><th class=\"has-text-align-center\" data-align=\"center\"><strong>\u0426\u0435\u043d\u0430<\/strong><\/th><th class=\"has-text-align-center\" data-align=\"center\">\u041f\u043b\u043e\u0449\u0430\u0434\u044c \u043c\u00b2<\/th><th class=\"has-text-align-center\" data-align=\"center\"><strong>\u0421\u0441\u044b\u043b\u043a\u0430 \u043d\u0430 \u0437\u0435\u043c\u0435\u043b\u044c\u043d\u044b\u0439 \u043a\u0430\u0434\u0430\u0441\u0442\u0440<\/strong><\/th><\/tr><\/thead><tbody><tr><td class=\"has-text-align-left\" data-align=\"left\">Pihla\u00f5ie<\/td><td class=\"has-text-align-center\" data-align=\"center\">36 000 \u20ac<\/td><td class=\"has-text-align-center\" data-align=\"center\">3008 m\u00b2<\/td><td class=\"has-text-align-center\" data-align=\"center\"><a href=\"https:\/\/xgis.maaamet.ee\/xgis2\/page\/link\/FhCzoPKr\" target=\"_blank\" rel=\"noreferrer noopener\">\u0421\u0441\u044b\u043b\u043a\u0430<\/a><\/td><\/tr><tr><td class=\"has-text-align-left\" data-align=\"left\">Pihlanurme<\/td><td class=\"has-text-align-center\" data-align=\"center\">36 500 \u20ac<\/td><td class=\"has-text-align-center\" data-align=\"center\">3035 m\u00b2<\/td><td class=\"has-text-align-center\" data-align=\"center\"><a href=\"https:\/\/xgis.maaamet.ee\/xgis2\/page\/link\/2Njnuvmj\" target=\"_blank\" rel=\"noreferrer noopener\">\u0421\u0441\u044b\u043b\u043a\u0430<\/a><\/td><\/tr><tr><td class=\"has-text-align-left\" data-align=\"left\">Pihlakalehe<\/td><td class=\"has-text-align-center\" data-align=\"center\">36 200 \u20ac<\/td><td class=\"has-text-align-center\" data-align=\"center\">3008 m\u00b2<\/td><td class=\"has-text-align-center\" data-align=\"center\"><a href=\"https:\/\/xgis.maaamet.ee\/xgis2\/page\/link\/ruOthDUV\" target=\"_blank\" rel=\"noreferrer noopener\">\u0421\u0441\u044b\u043b\u043a\u0430<\/a><\/td><\/tr><tr><td class=\"has-text-align-left\" data-align=\"left\">Pihlapuu<\/td><td class=\"has-text-align-center\" data-align=\"center\">36 940 \u20ac<\/td><td class=\"has-text-align-center\" data-align=\"center\">3070 m\u00b2<\/td><td class=\"has-text-align-center\" data-align=\"center\"><a href=\"https:\/\/xgis.maaamet.ee\/xgis2\/page\/link\/NeJ8pCEU\" target=\"_blank\" rel=\"noreferrer noopener\">\u0421\u0441\u044b\u043b\u043a\u0430<\/a><\/td><\/tr><tr><td class=\"has-text-align-left\" data-align=\"left\">Pihlasalu<\/td><td class=\"has-text-align-center\" data-align=\"center\">37 900 \u20ac<\/td><td class=\"has-text-align-center\" data-align=\"center\">3061 m\u00b2<\/td><td class=\"has-text-align-center\" data-align=\"center\"><a href=\"https:\/\/xgis.maaamet.ee\/xgis2\/page\/link\/J9cfg0N2\" target=\"_blank\" rel=\"noreferrer noopener\">\u0421\u0441\u044b\u043b\u043a\u0430<\/a><\/td><\/tr><tr><td class=\"has-text-align-left\" data-align=\"left\">Pihlametsa<\/td><td class=\"has-text-align-center\" data-align=\"center\">39 800 \u20ac<\/td><td class=\"has-text-align-center\" data-align=\"center\">3310 m\u00b2<\/td><td class=\"has-text-align-center\" data-align=\"center\"><a href=\"https:\/\/xgis.maaamet.ee\/xgis2\/page\/link\/ty5AvKmk\" target=\"_blank\" rel=\"noreferrer noopener\">\u0421\u0441\u044b\u043b\u043a\u0430<\/a><\/td><\/tr><tr><td class=\"has-text-align-left\" data-align=\"left\">Pihlaserva<\/td><td class=\"has-text-align-center\" data-align=\"center\">\u041f\u0440\u043e\u0434\u0430\u043d\u043e<\/td><td class=\"has-text-align-center\" data-align=\"center\">3784 m\u00b2<\/td><td class=\"has-text-align-center\" data-align=\"center\"><a href=\"https:\/\/xgis.maaamet.ee\/xgis2\/page\/link\/cvMKUwvy\" target=\"_blank\" rel=\"noreferrer noopener\">\u0421\u0441\u044b\u043b\u043a\u0430<\/a><\/td><\/tr><tr><td class=\"has-text-align-left\" data-align=\"left\">Pihlakalda<\/td><td class=\"has-text-align-center\" data-align=\"center\">60 200 \u20ac<\/td><td class=\"has-text-align-center\" data-align=\"center\">4015 m\u00b2<\/td><td class=\"has-text-align-center\" data-align=\"center\"><a href=\"https:\/\/xgis.maaamet.ee\/xgis2\/page\/link\/52ZbCPaV\" target=\"_blank\" rel=\"noreferrer noopener\">\u0421\u0441\u044b\u043b\u043a\u0430<\/a><\/td><\/tr><tr><td class=\"has-text-align-left\" data-align=\"left\">Pihlaoru<\/td><td class=\"has-text-align-center\" data-align=\"center\">65 700 \u20ac<\/td><td class=\"has-text-align-center\" data-align=\"center\">4380 m\u00b2<\/td><td class=\"has-text-align-center\" data-align=\"center\"><a href=\"https:\/\/xgis.maaamet.ee\/xgis2\/page\/link\/PQ6DivH\" target=\"_blank\" rel=\"noreferrer noopener\">\u0421\u0441\u044b\u043b\u043a\u0430<\/a><\/td><\/tr><tr><td class=\"has-text-align-left\" data-align=\"left\">Pihlaoja<\/td><td class=\"has-text-align-center\" data-align=\"center\">65 700 \u20ac<\/td><td class=\"has-text-align-center\" data-align=\"center\">4380 m\u00b2<\/td><td class=\"has-text-align-center\" data-align=\"center\"><a href=\"https:\/\/xgis.maaamet.ee\/xgis2\/page\/link\/5-WBz40K\" target=\"_blank\" rel=\"noreferrer noopener\">\u0421\u0441\u044b\u043b\u043a\u0430<\/a><\/td><\/tr><\/tbody><\/table><\/figure>\n<\/div>\n<\/div>\n<\/div><\/div>\n<\/div><\/div>\n<\/div><\/div>\n\n\n\n<h2 class=\"wp-block-heading has-medium-font-size\"><strong>\u041f\u0440\u043e\u0446\u0435\u0441\u0441 \u0431\u0440\u043e\u043d\u0438\u0440\u043e\u0432\u0430\u043d\u0438\u044f \u0443\u0447\u0430\u0441\u0442\u043a\u0430.<\/strong><\/h2>\n\n\n\n<p><strong>\u0414\u043e\u0433\u043e\u0432\u043e\u0440 \u0431\u0440\u043e\u043d\u0438\u0440\u043e\u0432\u0430\u043d\u0438\u044f<\/strong>.<\/p>\n\n\n\n<p>\u0421 \u043a\u043b\u0438\u0435\u043d\u0442\u043e\u043c \u0437\u0430\u043a\u043b\u044e\u0447\u0430\u0435\u0442\u0441\u044f \u0434\u043e\u0433\u043e\u0432\u043e\u0440 \u0431\u0440\u043e\u043d\u0438\u0440\u043e\u0432\u0430\u043d\u0438\u044f, \u043a\u043e\u0442\u043e\u0440\u044b\u0439 \u0434\u0435\u0439\u0441\u0442\u0432\u0443\u0435\u0442 \u0434\u043e \u0437\u0430\u043a\u043b\u044e\u0447\u0435\u043d\u0438\u044f \u0434\u043e\u0433\u043e\u0432\u043e\u0440\u043d\u043e\u0433\u043e \u0441\u043e\u0433\u043b\u0430\u0448\u0435\u043d\u0438\u044f. \u0414\u043b\u044f \u043f\u043e\u0434\u0442\u0432\u0435\u0440\u0436\u0434\u0435\u043d\u0438\u044f \u043d\u0430\u043c\u0435\u0440\u0435\u043d\u0438\u044f \u043f\u043e\u043a\u0443\u043f\u043a\u0438 \u043f\u043e\u043a\u0443\u043f\u0430\u0442\u0435\u043b\u044c \u043f\u043b\u0430\u0442\u0438\u0442 \u043f\u0440\u0438 \u043f\u043e\u0434\u043f\u0438\u0441\u0430\u043d\u0438\u0438 \u0434\u043e\u0433\u043e\u0432\u043e\u0440\u0430 \u0440\u0435\u0437\u0435\u0440\u0432\u0430\u0446\u0438\u0438 <strong>\u0434\u0435\u043f\u043e\u0437\u0438\u0442 \u20ac5000.<\/strong><\/p>\n\n\n\n<p><strong>2. \u0414\u043e\u0433\u043e\u0432\u043e\u0440 \u043e\u0431\u044f\u0437\u0430\u0442\u0435\u043b\u044c\u0441\u0442\u0432\u0435\u043d\u043d\u043e\u0433\u043e \u043f\u0440\u0430\u0432\u0430 (\u0434\u043e\u0433\u043e\u0432\u043e\u0440 \u043a\u0443\u043f\u043b\u0438-\u043f\u0440\u043e\u0434\u0430\u0436\u0438)<\/strong><br>\u0421 \u043a\u043b\u0438\u0435\u043d\u0442\u043e\u043c \u0437\u0430\u043a\u043b\u044e\u0447\u0430\u0435\u0442\u0441\u044f \u043d\u043e\u0442\u0430\u0440\u0438\u0430\u043b\u044c\u043d\u044b\u0439 \u0434\u043e\u0433\u043e\u0432\u043e\u0440 \u043e\u0431\u044f\u0437\u0430\u0442\u0435\u043b\u044c\u0441\u0442\u0432\u0435\u043d\u043d\u043e\u0433\u043e \u043f\u0440\u0430\u0432\u0430 \u043d\u0430 \u043f\u0440\u043e\u0434\u0430\u0436\u0443, \u0432 \u043a\u043e\u0442\u043e\u0440\u043e\u043c \u0443\u043a\u0430\u0437\u0430\u043d\u044b \u0432\u0441\u0435 \u043e\u0441\u043e\u0431\u0435\u043d\u043d\u043e\u0441\u0442\u0438 \u0441\u0434\u0435\u043b\u043a\u0438. \u041f\u0440\u0438 \u0437\u0430\u043a\u043b\u044e\u0447\u0435\u043d\u0438\u0438 \u0434\u043e\u0433\u043e\u0432\u043e\u0440\u0430 \u043e\u0431\u044f\u0437\u0430\u0442\u0435\u043b\u044c\u0441\u0442\u0432\u0435\u043d\u043d\u043e\u0433\u043e \u043f\u0440\u0430\u0432\u0430 \u043f\u043e\u043a\u0443\u043f\u0430\u0442\u0435\u043b\u044c \u043e\u0431\u044f\u0437\u0430\u043d \u043e\u043f\u043b\u0430\u0442\u0438\u0442\u044c 50% \u043e\u0442 \u043e\u0431\u0449\u0435\u0439 \u0441\u0442\u043e\u0438\u043c\u043e\u0441\u0442\u0438 \u0438\u043c\u0443\u0449\u0435\u0441\u0442\u0432\u0430, \u0437\u0430 \u0432\u044b\u0447\u0435\u0442\u043e\u043c \u043f\u0440\u0435\u0434\u0432\u0430\u0440\u0438\u0442\u0435\u043b\u044c\u043d\u043e \u0443\u043f\u043b\u0430\u0447\u0435\u043d\u043d\u044b\u0445 5000 \u0435\u0432\u0440\u043e \u0437\u0430 \u0431\u0440\u043e\u043d\u0438\u0440\u043e\u0432\u0430\u043d\u0438\u0435 \u0443\u0447\u0430\u0441\u0442\u043a\u0430.<\/p>\n\n\n\n<p><strong>3. <span style=\"font-weight: 600; background-color: rgb(255, 255, 255);\">\u0414\u043e\u0433\u043e\u0432\u043e\u0440 \u0432\u0435\u0449\u043d\u043e\u0433\u043e \u043f\u0440\u0430\u0432\u0430 (\u043f\u0435\u0440\u0435\u0445\u043e\u0434 \u043f\u0440\u0430\u0432\u0430 \u0441\u043e\u0431\u0441\u0442\u0432\u0435\u043d\u043d\u043e\u0441\u0442\u0438).<\/span><\/strong><br>\u041f\u043e \u0437\u0430\u0432\u0435\u0440\u0448\u0435\u043d\u0438\u044e \u0432\u043e\u0434\u043e\u043f\u0440\u043e\u0432\u043e\u0434\u043d\u043e\u0439 \u0438\u043d\u0444\u0440\u0430\u0441\u0442\u0440\u0443\u043a\u0442\u0443\u0440\u044b \u043e\u0444\u043e\u0440\u043c\u043b\u044f\u0435\u0442\u0441\u044f \u043d\u043e\u0442\u0430\u0440\u0438\u0430\u043b\u044c\u043d\u044b\u0439 \u0434\u043e\u0433\u043e\u0432\u043e\u0440. \u041f\u043e \u044d\u0442\u043e\u043c\u0443 \u0441\u043e\u0433\u043b\u0430\u0448\u0435\u043d\u0438\u044e \u043f\u043e\u043a\u0443\u043f\u0430\u0442\u0435\u043b\u044c \u043e\u043f\u043b\u0430\u0447\u0438\u0432\u0430\u0435\u0442 \u043e\u0441\u0442\u0430\u0432\u0448\u0443\u044e\u0441\u044f \u0447\u0430\u0441\u0442\u044c \u043f\u043e\u043a\u0443\u043f\u043d\u043e\u0439 \u0446\u0435\u043d\u044b, \u0447\u0442\u043e \u043f\u0440\u0438\u0432\u043e\u0434\u0438\u0442 \u043a \u043f\u0435\u0440\u0435\u0434\u0430\u0447\u0435 \u043f\u0440\u0430\u0432\u0430 \u0441\u043e\u0431\u0441\u0442\u0432\u0435\u043d\u043d\u043e\u0441\u0442\u0438 \u043d\u0430 \u0443\u0447\u0430\u0441\u0442\u043e\u043a.<\/p>\n<\/div>\n<\/div>\n<\/div><\/div>\n<\/div><\/div>","protected":false},"excerpt":{"rendered":"<p>TunnnusHindPindala m\u00b2Link maaameti kaardiserverilePihla\u00f5ie36 000 \u20ac3008 m\u00b2LinkPihlanurme36 500 \u20ac3035 m\u00b2LinkPihlakalehe36 200 \u20ac3008 m\u00b2LinkPihlapuu36 940 \u20ac3070 m\u00b2LinkPihlasalu37 900 \u20ac3061 m\u00b2LinkPihlametsa39 800 \u20ac3310 m\u00b2LinkPihlaservam\u00fc\u00fcdud3784 m\u00b2LinkPihlakalda60 200 \u20ac4015 m\u00b2LinkPihlaoru65 700 \u20ac4380 m\u00b2LinkPihlaoja65 700 \u20ac4380 m\u00b2Link Kinnistu broneerimise protsess. 1. Broneerimisleping. Kliendiga s\u00f5lmitakse broneerimisleping, mis kehtib kuni v\u00f5la\u00f5igusliku lepingu s\u00f5lmimiseni. Ostukavatsuse kinnitamiseks tasub ostja broneerimislepingu allkirjastamisel sissemakse 5000 \u20ac [&hellip;]<\/p>\n","protected":false},"author":1,"featured_media":0,"parent":0,"menu_order":0,"comment_status":"closed","ping_status":"closed","template":"page-templates\/homepage.php","meta":{"ngg_post_thumbnail":0,"footnotes":""},"class_list":["post-9","page","type-page","status-publish","hentry"],"yoast_head":"<!-- This site is optimized with the Yoast SEO plugin v27.6 - https:\/\/yoast.com\/product\/yoast-seo-wordpress\/ -->\n<title>Hinnad - Pihlavald<\/title>\n<meta name=\"robots\" content=\"index, follow, max-snippet:-1, max-image-preview:large, max-video-preview:-1\" \/>\n<link rel=\"canonical\" href=\"https:\/\/arendus.pihlakas.eu\/ru\/hinnad\/\" \/>\n<meta property=\"og:locale\" content=\"ru_RU\" \/>\n<meta property=\"og:type\" content=\"article\" \/>\n<meta property=\"og:title\" content=\"Hinnad - Pihlavald\" \/>\n<meta property=\"og:description\" content=\"TunnnusHindPindala m\u00b2Link maaameti kaardiserverilePihla\u00f5ie36 000 \u20ac3008 m\u00b2LinkPihlanurme36 500 \u20ac3035 m\u00b2LinkPihlakalehe36 200 \u20ac3008 m\u00b2LinkPihlapuu36 940 \u20ac3070 m\u00b2LinkPihlasalu37 900 \u20ac3061 m\u00b2LinkPihlametsa39 800 \u20ac3310 m\u00b2LinkPihlaservam\u00fc\u00fcdud3784 m\u00b2LinkPihlakalda60 200 \u20ac4015 m\u00b2LinkPihlaoru65 700 \u20ac4380 m\u00b2LinkPihlaoja65 700 \u20ac4380 m\u00b2Link Kinnistu broneerimise protsess. 1. Broneerimisleping. Kliendiga s\u00f5lmitakse broneerimisleping, mis kehtib kuni v\u00f5la\u00f5igusliku lepingu s\u00f5lmimiseni. Ostukavatsuse kinnitamiseks tasub ostja broneerimislepingu allkirjastamisel sissemakse 5000 \u20ac [&hellip;]\" \/>\n<meta property=\"og:url\" content=\"https:\/\/arendus.pihlakas.eu\/ru\/hinnad\/\" \/>\n<meta property=\"og:site_name\" content=\"Pihlavald\" \/>\n<meta property=\"article:publisher\" content=\"https:\/\/www.facebook.com\/Pihlavald\" \/>\n<meta property=\"article:modified_time\" content=\"2023-06-28T09:57:42+00:00\" \/>\n<meta name=\"twitter:card\" content=\"summary_large_image\" \/>\n<meta name=\"twitter:label1\" content=\"\u041f\u0440\u0438\u043c\u0435\u0440\u043d\u043e\u0435 \u0432\u0440\u0435\u043c\u044f \u0434\u043b\u044f \u0447\u0442\u0435\u043d\u0438\u044f\" \/>\n\t<meta name=\"twitter:data1\" content=\"1 \u043c\u0438\u043d\u0443\u0442\u0430\" \/>\n<script type=\"application\/ld+json\" class=\"yoast-schema-graph\">{\"@context\":\"https:\\\/\\\/schema.org\",\"@graph\":[{\"@type\":\"WebPage\",\"@id\":\"https:\\\/\\\/arendus.pihlakas.eu\\\/hinnad\\\/\",\"url\":\"https:\\\/\\\/arendus.pihlakas.eu\\\/hinnad\\\/\",\"name\":\"Hinnad - Pihlavald\",\"isPartOf\":{\"@id\":\"https:\\\/\\\/arendus.pihlakas.eu\\\/et\\\/#website\"},\"datePublished\":\"2022-09-02T10:30:48+00:00\",\"dateModified\":\"2023-06-28T09:57:42+00:00\",\"breadcrumb\":{\"@id\":\"https:\\\/\\\/arendus.pihlakas.eu\\\/hinnad\\\/#breadcrumb\"},\"inLanguage\":\"ru-RU\",\"potentialAction\":[{\"@type\":\"ReadAction\",\"target\":[\"https:\\\/\\\/arendus.pihlakas.eu\\\/hinnad\\\/\"]}]},{\"@type\":\"BreadcrumbList\",\"@id\":\"https:\\\/\\\/arendus.pihlakas.eu\\\/hinnad\\\/#breadcrumb\",\"itemListElement\":[{\"@type\":\"ListItem\",\"position\":1,\"name\":\"Home\",\"item\":\"https:\\\/\\\/arendus.pihlakas.eu\\\/\"},{\"@type\":\"ListItem\",\"position\":2,\"name\":\"Hinnad\"}]},{\"@type\":\"WebSite\",\"@id\":\"https:\\\/\\\/arendus.pihlakas.eu\\\/et\\\/#website\",\"url\":\"https:\\\/\\\/arendus.pihlakas.eu\\\/et\\\/\",\"name\":\"Pihlavald\",\"description\":\"Mere&auml;&auml;rsed krundid privaatse liivarannaga\",\"publisher\":{\"@id\":\"https:\\\/\\\/arendus.pihlakas.eu\\\/et\\\/#organization\"},\"potentialAction\":[{\"@type\":\"SearchAction\",\"target\":{\"@type\":\"EntryPoint\",\"urlTemplate\":\"https:\\\/\\\/arendus.pihlakas.eu\\\/et\\\/?s={search_term_string}\"},\"query-input\":{\"@type\":\"PropertyValueSpecification\",\"valueRequired\":true,\"valueName\":\"search_term_string\"}}],\"inLanguage\":\"ru-RU\"},{\"@type\":\"Organization\",\"@id\":\"https:\\\/\\\/arendus.pihlakas.eu\\\/et\\\/#organization\",\"name\":\"Pihlavald\",\"url\":\"https:\\\/\\\/arendus.pihlakas.eu\\\/et\\\/\",\"logo\":{\"@type\":\"ImageObject\",\"inLanguage\":\"ru-RU\",\"@id\":\"https:\\\/\\\/arendus.pihlakas.eu\\\/et\\\/#\\\/schema\\\/logo\\\/image\\\/\",\"url\":\"https:\\\/\\\/arendus.pihlakas.eu\\\/wp-content\\\/uploads\\\/2022\\\/09\\\/cropped-pihlavald-arendus-copy-1.jpg\",\"contentUrl\":\"https:\\\/\\\/arendus.pihlakas.eu\\\/wp-content\\\/uploads\\\/2022\\\/09\\\/cropped-pihlavald-arendus-copy-1.jpg\",\"width\":2268,\"height\":2268,\"caption\":\"Pihlavald\"},\"image\":{\"@id\":\"https:\\\/\\\/arendus.pihlakas.eu\\\/et\\\/#\\\/schema\\\/logo\\\/image\\\/\"},\"sameAs\":[\"https:\\\/\\\/www.facebook.com\\\/Pihlavald\"]}]}<\/script>\n<!-- \/ Yoast SEO plugin. -->","yoast_head_json":{"title":"Hinnad - Pihlavald","robots":{"index":"index","follow":"follow","max-snippet":"max-snippet:-1","max-image-preview":"max-image-preview:large","max-video-preview":"max-video-preview:-1"},"canonical":"https:\/\/arendus.pihlakas.eu\/ru\/hinnad\/","og_locale":"ru_RU","og_type":"article","og_title":"Hinnad - Pihlavald","og_description":"TunnnusHindPindala m\u00b2Link maaameti kaardiserverilePihla\u00f5ie36 000 \u20ac3008 m\u00b2LinkPihlanurme36 500 \u20ac3035 m\u00b2LinkPihlakalehe36 200 \u20ac3008 m\u00b2LinkPihlapuu36 940 \u20ac3070 m\u00b2LinkPihlasalu37 900 \u20ac3061 m\u00b2LinkPihlametsa39 800 \u20ac3310 m\u00b2LinkPihlaservam\u00fc\u00fcdud3784 m\u00b2LinkPihlakalda60 200 \u20ac4015 m\u00b2LinkPihlaoru65 700 \u20ac4380 m\u00b2LinkPihlaoja65 700 \u20ac4380 m\u00b2Link Kinnistu broneerimise protsess. 1. Broneerimisleping. Kliendiga s\u00f5lmitakse broneerimisleping, mis kehtib kuni v\u00f5la\u00f5igusliku lepingu s\u00f5lmimiseni. Ostukavatsuse kinnitamiseks tasub ostja broneerimislepingu allkirjastamisel sissemakse 5000 \u20ac [&hellip;]","og_url":"https:\/\/arendus.pihlakas.eu\/ru\/hinnad\/","og_site_name":"Pihlavald","article_publisher":"https:\/\/www.facebook.com\/Pihlavald","article_modified_time":"2023-06-28T09:57:42+00:00","twitter_card":"summary_large_image","twitter_misc":{"\u041f\u0440\u0438\u043c\u0435\u0440\u043d\u043e\u0435 \u0432\u0440\u0435\u043c\u044f \u0434\u043b\u044f \u0447\u0442\u0435\u043d\u0438\u044f":"1 \u043c\u0438\u043d\u0443\u0442\u0430"},"schema":{"@context":"https:\/\/schema.org","@graph":[{"@type":"WebPage","@id":"https:\/\/arendus.pihlakas.eu\/hinnad\/","url":"https:\/\/arendus.pihlakas.eu\/hinnad\/","name":"Hinnad - Pihlavald","isPartOf":{"@id":"https:\/\/arendus.pihlakas.eu\/et\/#website"},"datePublished":"2022-09-02T10:30:48+00:00","dateModified":"2023-06-28T09:57:42+00:00","breadcrumb":{"@id":"https:\/\/arendus.pihlakas.eu\/hinnad\/#breadcrumb"},"inLanguage":"ru-RU","potentialAction":[{"@type":"ReadAction","target":["https:\/\/arendus.pihlakas.eu\/hinnad\/"]}]},{"@type":"BreadcrumbList","@id":"https:\/\/arendus.pihlakas.eu\/hinnad\/#breadcrumb","itemListElement":[{"@type":"ListItem","position":1,"name":"Home","item":"https:\/\/arendus.pihlakas.eu\/"},{"@type":"ListItem","position":2,"name":"Hinnad"}]},{"@type":"WebSite","@id":"https:\/\/arendus.pihlakas.eu\/et\/#website","url":"https:\/\/arendus.pihlakas.eu\/et\/","name":"Pihlavald","description":"Mere&auml;&auml;rsed krundid privaatse liivarannaga","publisher":{"@id":"https:\/\/arendus.pihlakas.eu\/et\/#organization"},"potentialAction":[{"@type":"SearchAction","target":{"@type":"EntryPoint","urlTemplate":"https:\/\/arendus.pihlakas.eu\/et\/?s={search_term_string}"},"query-input":{"@type":"PropertyValueSpecification","valueRequired":true,"valueName":"search_term_string"}}],"inLanguage":"ru-RU"},{"@type":"Organization","@id":"https:\/\/arendus.pihlakas.eu\/et\/#organization","name":"Pihlavald","url":"https:\/\/arendus.pihlakas.eu\/et\/","logo":{"@type":"ImageObject","inLanguage":"ru-RU","@id":"https:\/\/arendus.pihlakas.eu\/et\/#\/schema\/logo\/image\/","url":"https:\/\/arendus.pihlakas.eu\/wp-content\/uploads\/2022\/09\/cropped-pihlavald-arendus-copy-1.jpg","contentUrl":"https:\/\/arendus.pihlakas.eu\/wp-content\/uploads\/2022\/09\/cropped-pihlavald-arendus-copy-1.jpg","width":2268,"height":2268,"caption":"Pihlavald"},"image":{"@id":"https:\/\/arendus.pihlakas.eu\/et\/#\/schema\/logo\/image\/"},"sameAs":["https:\/\/www.facebook.com\/Pihlavald"]}]}},"_links":{"self":[{"href":"https:\/\/arendus.pihlakas.eu\/ru\/wp-json\/wp\/v2\/pages\/9","targetHints":{"allow":["GET"]}}],"collection":[{"href":"https:\/\/arendus.pihlakas.eu\/ru\/wp-json\/wp\/v2\/pages"}],"about":[{"href":"https:\/\/arendus.pihlakas.eu\/ru\/wp-json\/wp\/v2\/types\/page"}],"author":[{"embeddable":true,"href":"https:\/\/arendus.pihlakas.eu\/ru\/wp-json\/wp\/v2\/users\/1"}],"replies":[{"embeddable":true,"href":"https:\/\/arendus.pihlakas.eu\/ru\/wp-json\/wp\/v2\/comments?post=9"}],"version-history":[{"count":19,"href":"https:\/\/arendus.pihlakas.eu\/ru\/wp-json\/wp\/v2\/pages\/9\/revisions"}],"predecessor-version":[{"id":1172,"href":"https:\/\/arendus.pihlakas.eu\/ru\/wp-json\/wp\/v2\/pages\/9\/revisions\/1172"}],"wp:attachment":[{"href":"https:\/\/arendus.pihlakas.eu\/ru\/wp-json\/wp\/v2\/media?parent=9"}],"curies":[{"name":"wp","href":"https:\/\/api.w.org\/{rel}","templated":true}]}}