{"id":8,"date":"2022-09-02T10:30:48","date_gmt":"2022-09-02T10:30:48","guid":{"rendered":"https:\/\/arendus.pihlakas.eu\/?page_id=8"},"modified":"2023-06-28T10:08:48","modified_gmt":"2023-06-28T10:08:48","slug":"tutvustus","status":"publish","type":"page","link":"https:\/\/arendus.pihlakas.eu\/et\/tutvustus\/","title":{"rendered":"Tutvustus"},"content":{"rendered":"<div data-colibri-id=\"8-c1\" class=\"style-570 style-local-8-c1 position-relative\">\n  <!----><p><\/p>\n<div data-colibri-component=\"section\" data-colibri-id=\"8-c2\" id=\"initial-content\" class=\"h-section h-section-global-spacing d-flex align-items-lg-center align-items-md-center align-items-center style-571 style-local-8-c2 position-relative\">\n    <!----><br>\n    <!----><p><\/p>\n<div class=\"h-section-grid-container h-section-boxed-container\">\n      <!----><p><\/p>\n<div data-colibri-id=\"8-c3\" class=\"h-row-container gutters-row-lg-2 gutters-row-md-2 gutters-row-0 gutters-row-v-lg-2 gutters-row-v-md-2 gutters-row-v-2 style-572 style-local-8-c3 position-relative\">\n        <!----><p><\/p>\n<div class=\"h-row justify-content-lg-center justify-content-md-center justify-content-center align-items-lg-stretch align-items-md-stretch align-items-stretch gutters-col-lg-2 gutters-col-md-2 gutters-col-0 gutters-col-v-lg-2 gutters-col-v-md-2 gutters-col-v-2\">\n          <!----><p><\/p>\n<div class=\"h-column h-column-container d-flex h-col-lg-auto h-col-md-auto h-col-auto style-573-outer style-local-8-c4-outer\">\n<div data-colibri-id=\"8-c4\" class=\"d-flex h-flex-basis h-column__inner h-px-lg-2 h-px-md-2 h-px-2 v-inner-lg-2 v-inner-md-2 v-inner-2 style-573 style-local-8-c4 position-relative\">\n              <!----><br>\n              <!----><p><\/p>\n<div class=\"w-100 h-y-container h-column__content h-column__v-align flex-basis-100 align-self-lg-start align-self-md-start align-self-start\">\n                <!----><p><\/p>\n<div data-colibri-id=\"8-c5\" class=\"style-574 style-local-8-c5 position-relative h-element\">\n                  <!----><p><\/p>\n<div><\/div><\/div><\/div><\/div><\/div><\/div><\/div><\/div><\/div><\/div>\n\n\n<p>Tallinnast vaevalt 140 km v\u00f5i 1,5 tunnise autos\u00f5idu kaugusel asuvad looduskaunis Jabara k\u00fclas 10 elamukrunti, mis ootavad omale uusi omanikke. Kruntidel on oma liivarand ning elektri ja veevarustus\u00fchendus hinna sees.<\/p>\n\n\n\n<iframe src=\"https:\/\/www.google.com\/maps\/embed?pb=!1m28!1m12!1m3!1d519290.51547127333!2d25.57992862848415!3d59.44177055645422!2m3!1f0!2f0!3f0!3m2!1i1024!2i768!4f13.1!4m13!3e0!4m5!1s0x46929499df5616bf%3A0x400b36d18fc6270!2sTallinn!3m2!1d59.436960799999994!2d24.753574699999998!4m5!1s0x46947807ba54c519%3A0x7198b7ba48a2e8ed!2sJabara%2C%20Ida-Viru%20maakond!3m2!1d59.424689099999995!2d27.0537232!5e0!3m2!1set!2see!4v1662569820133!5m2!1set!2see\"\r\n                      width=\"100%\" height=\"400px\" style=\"border:0;\" allowfullscreen=\"\" loading=\"lazy\" referrerpolicy=\"no-referrer-when-downgrade\"><\/iframe>\n\n\n\n<p><strong>Projekteerimistingimuste sisu ja p\u00f5hjendused:<\/strong><\/p>\n\n\n\n<ol class=\"wp-block-list\">\n<li><strong>Lubatud on projekteerida \u00fcks elamu j\u00e4rgmistel tingimustel:<\/strong><\/li>\n<\/ol>\n\n\n\n<ul class=\"wp-block-list\">\n<li>kasutusotstarbega 11101 \u2013 \u00fcksikelamu;<\/li>\n\n\n\n<li>hoonestusala ehitusjoon: on 15 m Pihlatee (44201:001:1039)s\u00f5iduraja v\u00e4limisest servast\n                        <br>arvates. Hoonestusala ehitusjoon tuleb kanda projekti p\u00f5hijoonisele;<\/li>\n\n\n\n<li>elamu projekteerimisel arvestada hoonete vaheliste kujadega;<\/li>\n\n\n\n<li>suurim ehitise alune pind: kuni 200 m2;<\/li>\n\n\n\n<li>elamu suurim k\u00f5rgus maapinnast kuni 8 m;\n                        <br>Arhitektuurilised, ehituslikud ja kujunduslikud tingimused:<\/li>\n\n\n\n<li>elamu korruselisus: kuni 2 korruseline;<\/li>\n\n\n\n<li>madalvundamendil;<\/li>\n\n\n\n<li>tulep\u00fcsivusklass: minimaalselt TP3;<\/li>\n\n\n\n<li>energiat\u00f5husus: elamu peab vastama energiat\u00f5hususe miinimumn\u00f5uetele ehitusloa\n                        <br>v\u00e4ljastamisel. Projektis esitada energiat\u00f5hususe arvutus;<\/li>\n\n\n\n<li>kande- ja j\u00e4igastav konstruktsioon: puit v\u00f5i v\u00e4ikeplokk;<\/li>\n\n\n\n<li>v\u00e4lissein: soojustatud v\u00e4ikeplokk, palk v\u00f5i puits\u00f5restik;<\/li>\n\n\n\n<li>v\u00e4lisviimistlus: voodrilaud, krohv v\u00f5i keraamiline tellis;<\/li>\n\n\n\n<li>v\u00e4lisseinte viimistlemiseks on keelatud kasutada profileeritud plekist v\u00f5i metallist\n                        <br>fassaadimaterjale;<\/li>\n\n\n\n<li>v\u00e4rvitoonid: pastelsed toonid;<\/li>\n\n\n\n<li>katus: kelp- v\u00f5i kahepoolse kaldega viilkatused, katusekate \u2013 eterniit, profiilplekk v\u00f5i\n                        <br>katusekivi;<\/li>\n\n\n\n<li>perspektiivne maakasutuse sihtotstarve \u2013 elamumaa 100%;\n                        <br>Maa-alal asuvate ehitise teenindamiseks vajaliku ehitise v\u00f5imalik asukoht<\/li>\n\n\n\n<li>veevarustus: Pihlatee (44201:001:1039) \u00e4\u00e4rde rajatavast veev\u00f5rgust;<\/li>\n\n\n\n<li>kanalisatsioon: n\u00f5rgalt kaitstud p\u00f5hjaveega piirkonnas on lubatud rajada biopuhasti\n                        <br>imbv\u00e4ljakuga v\u00f5i lekkekindel kogumismahuti, kui on tagatud veeseaduse \u00a7127 ja \u00a7 137\n                        <br>s\u00e4testatud n\u00f5uded;<\/li>\n\n\n\n<li>juurdep\u00e4\u00e4s: kinnistule on juurdep\u00e4\u00e4s Pihlatee (44201:001:1039) teelt. Erateele peab\n                        <br>olema seatud teeservituut enne ehitusloa v\u00e4ljastamist.<\/li>\n\n\n\n<li>tulekustutusvesi: ehitisel peab olema n\u00f5uetele vastav veev\u00f5tukoht, v\u00e4lja arvatud juhul, kui\n                        <br>tulekahju avastamine ja selle kustutamine ehitises on tagatud muu tehnilise lahendusega;\n                        <br>Haljastuse, heakorra ja liikluskorralduse p\u00f5him\u00f5tted:<\/li>\n\n\n\n<li>ehitusprojektiga m\u00e4\u00e4rata krundi olemasoleva k\u00f5rghaljastuse s\u00e4ilitamine ja raadamise\n                        <br>ulatus;<\/li>\n\n\n\n<li>kruntide vahelised piirded projekteerida haljaspiirete, 3D v\u00f5rk v\u00f5i puitpiiretena,\n                        <br>k\u00f5rgusega kuni 2.00 m;<\/li>\n\n\n\n<li>teepoolsesse k\u00fclge piirdeaed k\u00f5rgusega kuni 1.60 m, piirdeaiast sissepoole v\u00f5ib rajada\n                        <br>p\u00fcgatava, piirdega sama k\u00f5rgusega heki;<\/li>\n\n\n\n<li>j\u00e4\u00e4tmek\u00e4itlus: j\u00e4\u00e4tmekonteiner krundil;<\/li>\n\n\n\n<li>parkimine: garaa\u017eis v\u00f5i krundil.<br>               <br><strong>T\u00e4iendavad tingimused:<\/strong><\/li>\n\n\n\n<li>Ehitusprojekti tuleohutuse osa koostamisel tuleb arvestada j\u00e4rgmistes \u00f5igusaktides ja                         <br>tehnilistes normides toodud n\u00f5uetega: 1) Siseministri 01.03.2021 m\u00e4\u00e4rus nr 17 \u201eEhitisele                         <br>esitatavad tuleohutusn\u00f5uded\u201c; 2) EVS 812 seeria osad 3, 6 ja 7.<br>                     <br><strong>Ehitusloa taotlemine:<br><\/strong>Ehitusloa taotlemisel esitatav ehitusprojekt peab vastama Majandus- ja taristuministri                         <br>17.07.2015 m\u00e4\u00e4ruse nr. 97 \u201eN\u00f5uded ehitusprojektile\u00b9\u201c \u00a72, \u00a77 ja m\u00e4\u00e4ruse 3. peat\u00fckis esitatud                         <br>n\u00f5uetele.<br>   <br><strong>Ehitusprojekt koostada Tellija valitud staadiumis;<br><\/strong>Projekteerimistingimused lisada ehitusprojekti seletuskirja;                         <br>Ehitusprojekt peab olema kinnitatud Tellija poolt.<\/li>\n<\/ul>\n\n\n\n<div data-colibri-id=\"8-c6\" class=\"d-block style-576 style-local-8-c6 position-relative h-element\">\n                  <!----><p><\/p>\n<div class=\"h-image__frame-container-outer\">\n<div class=\"h-image__frame-container\">\n                      <!----><br>\n                      <!----><br>\n                      <img loading=\"lazy\" decoding=\"async\" width=\"1247\" height=\"465\" src=\"https:\/\/arendus.pihlakas.eu\/wp-content\/uploads\/2022\/09\/aero-3d-copy.jpg\" class=\"wp-image-546 style-576-image style-local-8-c6-image\" alt=\"\" srcset=\"https:\/\/arendus.pihlakas.eu\/wp-content\/uploads\/2022\/09\/aero-3d-copy.jpg 1247w, https:\/\/arendus.pihlakas.eu\/wp-content\/uploads\/2022\/09\/aero-3d-copy-300x112.jpg 300w, https:\/\/arendus.pihlakas.eu\/wp-content\/uploads\/2022\/09\/aero-3d-copy-1024x382.jpg 1024w, https:\/\/arendus.pihlakas.eu\/wp-content\/uploads\/2022\/09\/aero-3d-copy-768x286.jpg 768w, https:\/\/arendus.pihlakas.eu\/wp-content\/uploads\/2022\/09\/aero-3d-copy-18x7.jpg 18w\" sizes=\"auto, (max-width: 1247px) 100vw, 1247px\" \/><p><\/p>\n<div class=\"h-image__frame h-hide-lg h-hide-md h-hide-sm style-576-frameImage style-local-8-c6-frameImage\"><\/div>\n<p><\/p><\/div>\n<p><\/p><\/div>\n<p><\/p><\/div>\n<p><\/p>\n<p><\/p>\n<p><\/p>\n<p><\/p>\n<p><\/p>\n<p><\/p>\n<p><\/p>\n","protected":false},"excerpt":{"rendered":"<p>Tallinnast vaevalt 140 km v\u00f5i 1,5 tunnise autos\u00f5idu kaugusel asuvad looduskaunis Jabara k\u00fclas 10 elamukrunti, mis ootavad omale uusi omanikke. Kruntidel on oma liivarand ning elektri ja veevarustus\u00fchendus hinna sees. Projekteerimistingimuste sisu ja p\u00f5hjendused:<\/p>\n","protected":false},"author":1,"featured_media":0,"parent":0,"menu_order":0,"comment_status":"closed","ping_status":"closed","template":"page-templates\/full-width-page.php","meta":{"ngg_post_thumbnail":0,"footnotes":""},"class_list":["post-8","page","type-page","status-publish","hentry"],"yoast_head":"<!-- This site is optimized with the Yoast SEO plugin v27.6 - https:\/\/yoast.com\/product\/yoast-seo-wordpress\/ -->\n<title>Tutvustus - Pihlavald<\/title>\n<meta name=\"description\" content=\"Mere\u00e4\u00e4rsete kinnistute tutvustus\" \/>\n<meta name=\"robots\" content=\"index, follow, max-snippet:-1, max-image-preview:large, max-video-preview:-1\" \/>\n<link rel=\"canonical\" href=\"https:\/\/arendus.pihlakas.eu\/et\/tutvustus\/\" \/>\n<meta property=\"og:locale\" content=\"et_EE\" \/>\n<meta property=\"og:type\" content=\"article\" \/>\n<meta property=\"og:title\" content=\"Tutvustus - Pihlavald\" \/>\n<meta property=\"og:description\" content=\"Mere\u00e4\u00e4rsete kinnistute tutvustus\" \/>\n<meta property=\"og:url\" content=\"https:\/\/arendus.pihlakas.eu\/et\/tutvustus\/\" \/>\n<meta property=\"og:site_name\" content=\"Pihlavald\" \/>\n<meta property=\"article:publisher\" content=\"https:\/\/www.facebook.com\/Pihlavald\" \/>\n<meta property=\"article:modified_time\" content=\"2023-06-28T10:08:48+00:00\" \/>\n<meta property=\"og:image\" content=\"https:\/\/arendus.pihlakas.eu\/wp-content\/uploads\/2022\/09\/aero-3d-copy.jpg\" \/>\n<meta name=\"twitter:card\" content=\"summary_large_image\" \/>\n<meta name=\"twitter:label1\" content=\"Est. reading time\" \/>\n\t<meta name=\"twitter:data1\" content=\"2 minutit\" \/>\n<script type=\"application\/ld+json\" class=\"yoast-schema-graph\">{\"@context\":\"https:\\\/\\\/schema.org\",\"@graph\":[{\"@type\":\"WebPage\",\"@id\":\"https:\\\/\\\/arendus.pihlakas.eu\\\/tutvustus\\\/\",\"url\":\"https:\\\/\\\/arendus.pihlakas.eu\\\/tutvustus\\\/\",\"name\":\"Tutvustus - Pihlavald\",\"isPartOf\":{\"@id\":\"https:\\\/\\\/arendus.pihlakas.eu\\\/et\\\/#website\"},\"primaryImageOfPage\":{\"@id\":\"https:\\\/\\\/arendus.pihlakas.eu\\\/tutvustus\\\/#primaryimage\"},\"image\":{\"@id\":\"https:\\\/\\\/arendus.pihlakas.eu\\\/tutvustus\\\/#primaryimage\"},\"thumbnailUrl\":\"https:\\\/\\\/arendus.pihlakas.eu\\\/wp-content\\\/uploads\\\/2022\\\/09\\\/aero-3d-copy.jpg\",\"datePublished\":\"2022-09-02T10:30:48+00:00\",\"dateModified\":\"2023-06-28T10:08:48+00:00\",\"description\":\"Mere\u00e4\u00e4rsete kinnistute tutvustus\",\"breadcrumb\":{\"@id\":\"https:\\\/\\\/arendus.pihlakas.eu\\\/tutvustus\\\/#breadcrumb\"},\"inLanguage\":\"et\",\"potentialAction\":[{\"@type\":\"ReadAction\",\"target\":[\"https:\\\/\\\/arendus.pihlakas.eu\\\/tutvustus\\\/\"]}]},{\"@type\":\"ImageObject\",\"inLanguage\":\"et\",\"@id\":\"https:\\\/\\\/arendus.pihlakas.eu\\\/tutvustus\\\/#primaryimage\",\"url\":\"https:\\\/\\\/arendus.pihlakas.eu\\\/wp-content\\\/uploads\\\/2022\\\/09\\\/aero-3d-copy.jpg\",\"contentUrl\":\"https:\\\/\\\/arendus.pihlakas.eu\\\/wp-content\\\/uploads\\\/2022\\\/09\\\/aero-3d-copy.jpg\"},{\"@type\":\"BreadcrumbList\",\"@id\":\"https:\\\/\\\/arendus.pihlakas.eu\\\/tutvustus\\\/#breadcrumb\",\"itemListElement\":[{\"@type\":\"ListItem\",\"position\":1,\"name\":\"Home\",\"item\":\"https:\\\/\\\/arendus.pihlakas.eu\\\/\"},{\"@type\":\"ListItem\",\"position\":2,\"name\":\"Tutvustus\"}]},{\"@type\":\"WebSite\",\"@id\":\"https:\\\/\\\/arendus.pihlakas.eu\\\/et\\\/#website\",\"url\":\"https:\\\/\\\/arendus.pihlakas.eu\\\/et\\\/\",\"name\":\"Pihlavald\",\"description\":\"Mere&auml;&auml;rsed krundid privaatse liivarannaga\",\"publisher\":{\"@id\":\"https:\\\/\\\/arendus.pihlakas.eu\\\/et\\\/#organization\"},\"potentialAction\":[{\"@type\":\"SearchAction\",\"target\":{\"@type\":\"EntryPoint\",\"urlTemplate\":\"https:\\\/\\\/arendus.pihlakas.eu\\\/et\\\/?s={search_term_string}\"},\"query-input\":{\"@type\":\"PropertyValueSpecification\",\"valueRequired\":true,\"valueName\":\"search_term_string\"}}],\"inLanguage\":\"et\"},{\"@type\":\"Organization\",\"@id\":\"https:\\\/\\\/arendus.pihlakas.eu\\\/et\\\/#organization\",\"name\":\"Pihlavald\",\"url\":\"https:\\\/\\\/arendus.pihlakas.eu\\\/et\\\/\",\"logo\":{\"@type\":\"ImageObject\",\"inLanguage\":\"et\",\"@id\":\"https:\\\/\\\/arendus.pihlakas.eu\\\/et\\\/#\\\/schema\\\/logo\\\/image\\\/\",\"url\":\"https:\\\/\\\/arendus.pihlakas.eu\\\/wp-content\\\/uploads\\\/2022\\\/09\\\/cropped-pihlavald-arendus-copy-1.jpg\",\"contentUrl\":\"https:\\\/\\\/arendus.pihlakas.eu\\\/wp-content\\\/uploads\\\/2022\\\/09\\\/cropped-pihlavald-arendus-copy-1.jpg\",\"width\":2268,\"height\":2268,\"caption\":\"Pihlavald\"},\"image\":{\"@id\":\"https:\\\/\\\/arendus.pihlakas.eu\\\/et\\\/#\\\/schema\\\/logo\\\/image\\\/\"},\"sameAs\":[\"https:\\\/\\\/www.facebook.com\\\/Pihlavald\"]}]}<\/script>\n<!-- \/ Yoast SEO plugin. -->","yoast_head_json":{"title":"Tutvustus - Pihlavald","description":"Mere\u00e4\u00e4rsete kinnistute tutvustus","robots":{"index":"index","follow":"follow","max-snippet":"max-snippet:-1","max-image-preview":"max-image-preview:large","max-video-preview":"max-video-preview:-1"},"canonical":"https:\/\/arendus.pihlakas.eu\/et\/tutvustus\/","og_locale":"et_EE","og_type":"article","og_title":"Tutvustus - Pihlavald","og_description":"Mere\u00e4\u00e4rsete kinnistute tutvustus","og_url":"https:\/\/arendus.pihlakas.eu\/et\/tutvustus\/","og_site_name":"Pihlavald","article_publisher":"https:\/\/www.facebook.com\/Pihlavald","article_modified_time":"2023-06-28T10:08:48+00:00","og_image":[{"url":"https:\/\/arendus.pihlakas.eu\/wp-content\/uploads\/2022\/09\/aero-3d-copy.jpg","type":"","width":"","height":""}],"twitter_card":"summary_large_image","twitter_misc":{"Est. reading time":"2 minutit"},"schema":{"@context":"https:\/\/schema.org","@graph":[{"@type":"WebPage","@id":"https:\/\/arendus.pihlakas.eu\/tutvustus\/","url":"https:\/\/arendus.pihlakas.eu\/tutvustus\/","name":"Tutvustus - Pihlavald","isPartOf":{"@id":"https:\/\/arendus.pihlakas.eu\/et\/#website"},"primaryImageOfPage":{"@id":"https:\/\/arendus.pihlakas.eu\/tutvustus\/#primaryimage"},"image":{"@id":"https:\/\/arendus.pihlakas.eu\/tutvustus\/#primaryimage"},"thumbnailUrl":"https:\/\/arendus.pihlakas.eu\/wp-content\/uploads\/2022\/09\/aero-3d-copy.jpg","datePublished":"2022-09-02T10:30:48+00:00","dateModified":"2023-06-28T10:08:48+00:00","description":"Mere\u00e4\u00e4rsete kinnistute tutvustus","breadcrumb":{"@id":"https:\/\/arendus.pihlakas.eu\/tutvustus\/#breadcrumb"},"inLanguage":"et","potentialAction":[{"@type":"ReadAction","target":["https:\/\/arendus.pihlakas.eu\/tutvustus\/"]}]},{"@type":"ImageObject","inLanguage":"et","@id":"https:\/\/arendus.pihlakas.eu\/tutvustus\/#primaryimage","url":"https:\/\/arendus.pihlakas.eu\/wp-content\/uploads\/2022\/09\/aero-3d-copy.jpg","contentUrl":"https:\/\/arendus.pihlakas.eu\/wp-content\/uploads\/2022\/09\/aero-3d-copy.jpg"},{"@type":"BreadcrumbList","@id":"https:\/\/arendus.pihlakas.eu\/tutvustus\/#breadcrumb","itemListElement":[{"@type":"ListItem","position":1,"name":"Home","item":"https:\/\/arendus.pihlakas.eu\/"},{"@type":"ListItem","position":2,"name":"Tutvustus"}]},{"@type":"WebSite","@id":"https:\/\/arendus.pihlakas.eu\/et\/#website","url":"https:\/\/arendus.pihlakas.eu\/et\/","name":"Pihlavald","description":"Mere&auml;&auml;rsed krundid privaatse liivarannaga","publisher":{"@id":"https:\/\/arendus.pihlakas.eu\/et\/#organization"},"potentialAction":[{"@type":"SearchAction","target":{"@type":"EntryPoint","urlTemplate":"https:\/\/arendus.pihlakas.eu\/et\/?s={search_term_string}"},"query-input":{"@type":"PropertyValueSpecification","valueRequired":true,"valueName":"search_term_string"}}],"inLanguage":"et"},{"@type":"Organization","@id":"https:\/\/arendus.pihlakas.eu\/et\/#organization","name":"Pihlavald","url":"https:\/\/arendus.pihlakas.eu\/et\/","logo":{"@type":"ImageObject","inLanguage":"et","@id":"https:\/\/arendus.pihlakas.eu\/et\/#\/schema\/logo\/image\/","url":"https:\/\/arendus.pihlakas.eu\/wp-content\/uploads\/2022\/09\/cropped-pihlavald-arendus-copy-1.jpg","contentUrl":"https:\/\/arendus.pihlakas.eu\/wp-content\/uploads\/2022\/09\/cropped-pihlavald-arendus-copy-1.jpg","width":2268,"height":2268,"caption":"Pihlavald"},"image":{"@id":"https:\/\/arendus.pihlakas.eu\/et\/#\/schema\/logo\/image\/"},"sameAs":["https:\/\/www.facebook.com\/Pihlavald"]}]}},"_links":{"self":[{"href":"https:\/\/arendus.pihlakas.eu\/et\/wp-json\/wp\/v2\/pages\/8","targetHints":{"allow":["GET"]}}],"collection":[{"href":"https:\/\/arendus.pihlakas.eu\/et\/wp-json\/wp\/v2\/pages"}],"about":[{"href":"https:\/\/arendus.pihlakas.eu\/et\/wp-json\/wp\/v2\/types\/page"}],"author":[{"embeddable":true,"href":"https:\/\/arendus.pihlakas.eu\/et\/wp-json\/wp\/v2\/users\/1"}],"replies":[{"embeddable":true,"href":"https:\/\/arendus.pihlakas.eu\/et\/wp-json\/wp\/v2\/comments?post=8"}],"version-history":[{"count":19,"href":"https:\/\/arendus.pihlakas.eu\/et\/wp-json\/wp\/v2\/pages\/8\/revisions"}],"predecessor-version":[{"id":1174,"href":"https:\/\/arendus.pihlakas.eu\/et\/wp-json\/wp\/v2\/pages\/8\/revisions\/1174"}],"wp:attachment":[{"href":"https:\/\/arendus.pihlakas.eu\/et\/wp-json\/wp\/v2\/media?parent=8"}],"curies":[{"name":"wp","href":"https:\/\/api.w.org\/{rel}","templated":true}]}}