{"id":10,"date":"2022-09-02T10:30:48","date_gmt":"2022-09-02T10:30:48","guid":{"rendered":"https:\/\/arendus.pihlakas.eu\/?page_id=10"},"modified":"2023-05-30T09:25:57","modified_gmt":"2023-05-30T09:25:57","slug":"kontakt","status":"publish","type":"page","link":"https:\/\/arendus.pihlakas.eu\/et\/kontakt\/","title":{"rendered":"Kontakt"},"content":{"rendered":"\n<p>Ettev\u00f5tte nimi: Pihlavald O\u00dc<\/p>\n\n\n\n<p>Aadress: Harju maakond, Tallinn, Lasnam\u00e4e linnaosa, Vikerlase tn 20-57, 13616<\/p>\n\n\n\n<p>Kontakt: arendus@pihlakas.eu<\/p>\n\n\n\n<p>Telefon: +372 53745651<\/p>\n\n\n\n<div class=\"forminator-guttenberg\"><div class=\"forminator-ui forminator-custom-form forminator-custom-form-223 forminator-design--default  forminator_ajax\" data-forminator-render=\"0\" data-form=\"forminator-module-223\" data-uid=\"6a0590c4d23a5\"><br\/><\/div><form\n\t\t\t\tid=\"forminator-module-223\"\n\t\t\t\tclass=\"forminator-ui forminator-custom-form forminator-custom-form-223 forminator-design--default  forminator_ajax\"\n\t\t\t\tmethod=\"post\"\n\t\t\t\tdata-forminator-render=\"0\"\n\t\t\t\tdata-form-id=\"223\"\n\t\t\t\t data-color-option=\"default\" data-design=\"default\" data-grid=\"open\" style=\"display: none;\"\n\t\t\t\tdata-uid=\"6a0590c4d23a5\"\n\t\t\t><div role=\"alert\" aria-live=\"polite\" class=\"forminator-response-message forminator-error\" aria-hidden=\"true\"><\/div><div class=\"forminator-row\"><div id=\"name-1\" class=\"forminator-field-name forminator-col forminator-col-12 \"><div class=\"forminator-field\"><label for=\"forminator-field-name-1_6a0590c4d23a5\" id=\"forminator-field-name-1_6a0590c4d23a5-label\" class=\"forminator-label\">Nimi <span class=\"forminator-required\">*<\/span><\/label><input type=\"text\" name=\"name-1\" value=\"\" placeholder=\"N\u00e4it. Paul\" id=\"forminator-field-name-1_6a0590c4d23a5\" class=\"forminator-input forminator-name--field\" aria-required=\"true\" autocomplete=\"name\" \/><\/div><\/div><\/div><div class=\"forminator-row\"><div id=\"email-1\" class=\"forminator-field-email forminator-col forminator-col-12 \"><div class=\"forminator-field\"><label for=\"forminator-field-email-1_6a0590c4d23a5\" id=\"forminator-field-email-1_6a0590c4d23a5-label\" class=\"forminator-label\">Email <span class=\"forminator-required\">*<\/span><\/label><input type=\"email\" name=\"email-1\" value=\"\" placeholder=\"N\u00e4it. john@doe.com\" id=\"forminator-field-email-1_6a0590c4d23a5\" class=\"forminator-input forminator-email--field\" data-required=\"true\" aria-required=\"true\" autocomplete=\"email\" \/><\/div><\/div><\/div><div class=\"forminator-row\"><div id=\"phone-1\" class=\"forminator-field-phone forminator-col forminator-col-12 \"><div class=\"forminator-field\"><label for=\"forminator-field-phone-1_6a0590c4d23a5\" id=\"forminator-field-phone-1_6a0590c4d23a5-label\" class=\"forminator-label\">Telefon<\/label><input type=\"text\" name=\"phone-1\" value=\"\" placeholder=\"N\u00e4it. +372 56565656\" id=\"forminator-field-phone-1_6a0590c4d23a5\" class=\"forminator-input forminator-field--phone\" data-required=\"\" aria-required=\"false\" autocomplete=\"off\" \/><\/div><\/div><\/div><div class=\"forminator-row\"><div id=\"textarea-1\" class=\"forminator-field-textarea forminator-col forminator-col-12 \"><div class=\"forminator-field\"><label for=\"forminator-field-textarea-1_6a0590c4d23a5\" id=\"forminator-field-textarea-1_6a0590c4d23a5-label\" class=\"forminator-label\">Teade<\/label><textarea name=\"textarea-1\" placeholder=\"Sisestage teade siia ...\" id=\"forminator-field-textarea-1_6a0590c4d23a5\" class=\"forminator-textarea\" rows=\"6\" style=\"--forminator-textarea-min-height:140px;\" maxlength=\"180\" ><\/textarea><span id=\"forminator-field-textarea-1_6a0590c4d23a5-description\" class=\"forminator-description\"><span data-limit=\"180\" data-type=\"characters\" data-editor=\"\">0 \/ 180<\/span><\/span><\/div><\/div><\/div><input type=\"hidden\" name=\"referer_url\" value=\"\" \/><div class=\"forminator-row forminator-row-last\"><div class=\"forminator-col\"><div class=\"forminator-field\"><button class=\"forminator-button forminator-button-submit\">Saada<\/button><\/div><\/div><\/div><input type=\"hidden\" id=\"forminator_nonce\" name=\"forminator_nonce\" value=\"d49aba92f7\" \/><input type=\"hidden\" name=\"_wp_http_referer\" value=\"\/et\/wp-json\/wp\/v2\/pages\/10\" \/><input type=\"hidden\" name=\"form_id\" value=\"223\"><input type=\"hidden\" name=\"page_id\" value=\"10\"><input type=\"hidden\" name=\"form_type\" value=\"default\"><input type=\"hidden\" name=\"current_url\" value=\"https:\/\/arendus.pihlakas.eu\/et\/kontakt\/\"><input type=\"hidden\" name=\"render_id\" value=\"0\"><input type=\"hidden\" name=\"action\" value=\"forminator_submit_form_custom-forms\"><\/form><\/div>\n\n\n<p><\/p>\n<div class=\"h-row-container gutters-row-lg-2 gutters-row-md-2 gutters-row-0 gutters-row-v-lg-2 gutters-row-v-md-2 gutters-row-v-2 style-585 style-local-10-c9 position-relative\" data-colibri-id=\"10-c9\">\n<div class=\"h-row justify-content-lg-center justify-content-md-center justify-content-center align-items-lg-stretch align-items-md-stretch align-items-stretch gutters-col-lg-2 gutters-col-md-2 gutters-col-0 gutters-col-v-lg-2 gutters-col-v-md-2 gutters-col-v-2\">\n<div class=\"h-column h-column-container d-flex h-col-lg-auto h-col-md-auto h-col-auto style-586-outer style-local-10-c10-outer\">\n<div class=\"d-flex h-flex-basis h-column__inner h-px-lg-2 h-px-md-2 h-px-2 v-inner-lg-2 v-inner-md-2 v-inner-2 style-586 style-local-10-c10 position-relative\" data-colibri-id=\"10-c10\">\n<div class=\"w-100 h-y-container h-column__content h-column__v-align flex-basis-100 align-self-lg-start align-self-md-start align-self-start\">\n<div class=\"d-block style-587 style-local-10-c11 position-relative h-element\" data-colibri-id=\"10-c11\">\n<div class=\"h-image__frame-container-outer\">\n<div class=\"h-image__frame-container\"><img loading=\"lazy\" decoding=\"async\" width=\"1903\" height=\"912\" class=\"wp-image-599 style-587-image style-local-10-c11-image\" src=\"https:\/\/arendus.pihlakas.eu\/wp-content\/uploads\/2022\/09\/maanteeviidad.jpg\" alt=\"\" srcset=\"https:\/\/arendus.pihlakas.eu\/wp-content\/uploads\/2022\/09\/maanteeviidad.jpg 1903w, https:\/\/arendus.pihlakas.eu\/wp-content\/uploads\/2022\/09\/maanteeviidad-300x144.jpg 300w, https:\/\/arendus.pihlakas.eu\/wp-content\/uploads\/2022\/09\/maanteeviidad-1024x491.jpg 1024w, https:\/\/arendus.pihlakas.eu\/wp-content\/uploads\/2022\/09\/maanteeviidad-768x368.jpg 768w, https:\/\/arendus.pihlakas.eu\/wp-content\/uploads\/2022\/09\/maanteeviidad-1536x736.jpg 1536w, https:\/\/arendus.pihlakas.eu\/wp-content\/uploads\/2022\/09\/maanteeviidad-18x9.jpg 18w\" sizes=\"auto, (max-width: 1903px) 100vw, 1903px\" \/><p><\/p>\n<\/div>\n<\/div>\n<\/div>\n<\/div>\n<\/div>\n<\/div>\n<\/div>\n<\/div>\n\n\n<iframe src=\"https:\/\/www.google.com\/maps\/embed?pb=!1m28!1m12!1m3!1d260011.88025277102!2d27.33412936882307!3d59.39399282210766!2m3!1f0!2f0!3f0!3m2!1i1024!2i768!4f13.1!4m13!3e0!4m5!1s0x46947807ba54c519%3A0x7198b7ba48a2e8ed!2sJabara%2C%20Ida-Viru%20maakond!3m2!1d59.424689099999995!2d27.0537232!4m5!1s0x469437d78b66b087%3A0xb94a2a5f4d7d21f4!2sNarva!3m2!1d59.3796931!2d28.1790751!5e0!3m2!1set!2see!4v1663931145817!5m2!1set!2see\" width=\"100%\" height=\"450\" style=\"border:0;\" allowfullscreen=\"\" loading=\"lazy\" referrerpolicy=\"no-referrer-when-downgrade\"><\/iframe>\n","protected":false},"excerpt":{"rendered":"<p>Ettev\u00f5tte nimi: Pihlavald O\u00dc Aadress: Harju maakond, Tallinn, Lasnam\u00e4e linnaosa, Vikerlase tn 20-57, 13616 Kontakt: arendus@pihlakas.eu Telefon: +372 53745651<\/p>\n","protected":false},"author":1,"featured_media":0,"parent":0,"menu_order":0,"comment_status":"closed","ping_status":"closed","template":"","meta":{"ngg_post_thumbnail":0,"footnotes":""},"class_list":["post-10","page","type-page","status-publish","hentry"],"yoast_head":"<!-- This site is optimized with the Yoast SEO plugin v27.6 - https:\/\/yoast.com\/product\/yoast-seo-wordpress\/ -->\n<title>Kontakt - Pihlavald<\/title>\n<meta name=\"description\" content=\"Pihlavald arenduse kontaktinfo\" \/>\n<meta name=\"robots\" content=\"index, follow, max-snippet:-1, max-image-preview:large, max-video-preview:-1\" \/>\n<link rel=\"canonical\" href=\"https:\/\/arendus.pihlakas.eu\/et\/kontakt\/\" \/>\n<meta property=\"og:locale\" content=\"et_EE\" \/>\n<meta property=\"og:type\" content=\"article\" \/>\n<meta property=\"og:title\" content=\"Kontakt - Pihlavald\" \/>\n<meta property=\"og:description\" content=\"Pihlavald arenduse kontaktinfo\" \/>\n<meta property=\"og:url\" content=\"https:\/\/arendus.pihlakas.eu\/et\/kontakt\/\" \/>\n<meta property=\"og:site_name\" content=\"Pihlavald\" \/>\n<meta property=\"article:publisher\" content=\"https:\/\/www.facebook.com\/Pihlavald\" \/>\n<meta property=\"article:modified_time\" content=\"2023-05-30T09:25:57+00:00\" \/>\n<meta property=\"og:image\" content=\"https:\/\/arendus.pihlakas.eu\/wp-content\/uploads\/2022\/09\/maanteeviidad.jpg\" \/>\n<meta name=\"twitter:card\" content=\"summary_large_image\" \/>\n<meta name=\"twitter:label1\" content=\"Est. reading time\" \/>\n\t<meta name=\"twitter:data1\" content=\"1 minut\" \/>\n<script type=\"application\/ld+json\" class=\"yoast-schema-graph\">{\"@context\":\"https:\\\/\\\/schema.org\",\"@graph\":[{\"@type\":\"WebPage\",\"@id\":\"https:\\\/\\\/arendus.pihlakas.eu\\\/kontakt\\\/\",\"url\":\"https:\\\/\\\/arendus.pihlakas.eu\\\/kontakt\\\/\",\"name\":\"Kontakt - Pihlavald\",\"isPartOf\":{\"@id\":\"https:\\\/\\\/arendus.pihlakas.eu\\\/et\\\/#website\"},\"primaryImageOfPage\":{\"@id\":\"https:\\\/\\\/arendus.pihlakas.eu\\\/kontakt\\\/#primaryimage\"},\"image\":{\"@id\":\"https:\\\/\\\/arendus.pihlakas.eu\\\/kontakt\\\/#primaryimage\"},\"thumbnailUrl\":\"https:\\\/\\\/arendus.pihlakas.eu\\\/wp-content\\\/uploads\\\/2022\\\/09\\\/maanteeviidad.jpg\",\"datePublished\":\"2022-09-02T10:30:48+00:00\",\"dateModified\":\"2023-05-30T09:25:57+00:00\",\"description\":\"Pihlavald arenduse kontaktinfo\",\"breadcrumb\":{\"@id\":\"https:\\\/\\\/arendus.pihlakas.eu\\\/kontakt\\\/#breadcrumb\"},\"inLanguage\":\"et\",\"potentialAction\":[{\"@type\":\"ReadAction\",\"target\":[\"https:\\\/\\\/arendus.pihlakas.eu\\\/kontakt\\\/\"]}]},{\"@type\":\"ImageObject\",\"inLanguage\":\"et\",\"@id\":\"https:\\\/\\\/arendus.pihlakas.eu\\\/kontakt\\\/#primaryimage\",\"url\":\"https:\\\/\\\/arendus.pihlakas.eu\\\/wp-content\\\/uploads\\\/2022\\\/09\\\/maanteeviidad.jpg\",\"contentUrl\":\"https:\\\/\\\/arendus.pihlakas.eu\\\/wp-content\\\/uploads\\\/2022\\\/09\\\/maanteeviidad.jpg\"},{\"@type\":\"BreadcrumbList\",\"@id\":\"https:\\\/\\\/arendus.pihlakas.eu\\\/kontakt\\\/#breadcrumb\",\"itemListElement\":[{\"@type\":\"ListItem\",\"position\":1,\"name\":\"Home\",\"item\":\"https:\\\/\\\/arendus.pihlakas.eu\\\/\"},{\"@type\":\"ListItem\",\"position\":2,\"name\":\"Kontakt\"}]},{\"@type\":\"WebSite\",\"@id\":\"https:\\\/\\\/arendus.pihlakas.eu\\\/et\\\/#website\",\"url\":\"https:\\\/\\\/arendus.pihlakas.eu\\\/et\\\/\",\"name\":\"Pihlavald\",\"description\":\"Mere&auml;&auml;rsed krundid privaatse liivarannaga\",\"publisher\":{\"@id\":\"https:\\\/\\\/arendus.pihlakas.eu\\\/et\\\/#organization\"},\"potentialAction\":[{\"@type\":\"SearchAction\",\"target\":{\"@type\":\"EntryPoint\",\"urlTemplate\":\"https:\\\/\\\/arendus.pihlakas.eu\\\/et\\\/?s={search_term_string}\"},\"query-input\":{\"@type\":\"PropertyValueSpecification\",\"valueRequired\":true,\"valueName\":\"search_term_string\"}}],\"inLanguage\":\"et\"},{\"@type\":\"Organization\",\"@id\":\"https:\\\/\\\/arendus.pihlakas.eu\\\/et\\\/#organization\",\"name\":\"Pihlavald\",\"url\":\"https:\\\/\\\/arendus.pihlakas.eu\\\/et\\\/\",\"logo\":{\"@type\":\"ImageObject\",\"inLanguage\":\"et\",\"@id\":\"https:\\\/\\\/arendus.pihlakas.eu\\\/et\\\/#\\\/schema\\\/logo\\\/image\\\/\",\"url\":\"https:\\\/\\\/arendus.pihlakas.eu\\\/wp-content\\\/uploads\\\/2022\\\/09\\\/cropped-pihlavald-arendus-copy-1.jpg\",\"contentUrl\":\"https:\\\/\\\/arendus.pihlakas.eu\\\/wp-content\\\/uploads\\\/2022\\\/09\\\/cropped-pihlavald-arendus-copy-1.jpg\",\"width\":2268,\"height\":2268,\"caption\":\"Pihlavald\"},\"image\":{\"@id\":\"https:\\\/\\\/arendus.pihlakas.eu\\\/et\\\/#\\\/schema\\\/logo\\\/image\\\/\"},\"sameAs\":[\"https:\\\/\\\/www.facebook.com\\\/Pihlavald\"]}]}<\/script>\n<!-- \/ Yoast SEO plugin. -->","yoast_head_json":{"title":"Kontakt - Pihlavald","description":"Pihlavald arenduse kontaktinfo","robots":{"index":"index","follow":"follow","max-snippet":"max-snippet:-1","max-image-preview":"max-image-preview:large","max-video-preview":"max-video-preview:-1"},"canonical":"https:\/\/arendus.pihlakas.eu\/et\/kontakt\/","og_locale":"et_EE","og_type":"article","og_title":"Kontakt - Pihlavald","og_description":"Pihlavald arenduse kontaktinfo","og_url":"https:\/\/arendus.pihlakas.eu\/et\/kontakt\/","og_site_name":"Pihlavald","article_publisher":"https:\/\/www.facebook.com\/Pihlavald","article_modified_time":"2023-05-30T09:25:57+00:00","og_image":[{"url":"https:\/\/arendus.pihlakas.eu\/wp-content\/uploads\/2022\/09\/maanteeviidad.jpg","type":"","width":"","height":""}],"twitter_card":"summary_large_image","twitter_misc":{"Est. reading time":"1 minut"},"schema":{"@context":"https:\/\/schema.org","@graph":[{"@type":"WebPage","@id":"https:\/\/arendus.pihlakas.eu\/kontakt\/","url":"https:\/\/arendus.pihlakas.eu\/kontakt\/","name":"Kontakt - Pihlavald","isPartOf":{"@id":"https:\/\/arendus.pihlakas.eu\/et\/#website"},"primaryImageOfPage":{"@id":"https:\/\/arendus.pihlakas.eu\/kontakt\/#primaryimage"},"image":{"@id":"https:\/\/arendus.pihlakas.eu\/kontakt\/#primaryimage"},"thumbnailUrl":"https:\/\/arendus.pihlakas.eu\/wp-content\/uploads\/2022\/09\/maanteeviidad.jpg","datePublished":"2022-09-02T10:30:48+00:00","dateModified":"2023-05-30T09:25:57+00:00","description":"Pihlavald arenduse kontaktinfo","breadcrumb":{"@id":"https:\/\/arendus.pihlakas.eu\/kontakt\/#breadcrumb"},"inLanguage":"et","potentialAction":[{"@type":"ReadAction","target":["https:\/\/arendus.pihlakas.eu\/kontakt\/"]}]},{"@type":"ImageObject","inLanguage":"et","@id":"https:\/\/arendus.pihlakas.eu\/kontakt\/#primaryimage","url":"https:\/\/arendus.pihlakas.eu\/wp-content\/uploads\/2022\/09\/maanteeviidad.jpg","contentUrl":"https:\/\/arendus.pihlakas.eu\/wp-content\/uploads\/2022\/09\/maanteeviidad.jpg"},{"@type":"BreadcrumbList","@id":"https:\/\/arendus.pihlakas.eu\/kontakt\/#breadcrumb","itemListElement":[{"@type":"ListItem","position":1,"name":"Home","item":"https:\/\/arendus.pihlakas.eu\/"},{"@type":"ListItem","position":2,"name":"Kontakt"}]},{"@type":"WebSite","@id":"https:\/\/arendus.pihlakas.eu\/et\/#website","url":"https:\/\/arendus.pihlakas.eu\/et\/","name":"Pihlavald","description":"Mere&auml;&auml;rsed krundid privaatse liivarannaga","publisher":{"@id":"https:\/\/arendus.pihlakas.eu\/et\/#organization"},"potentialAction":[{"@type":"SearchAction","target":{"@type":"EntryPoint","urlTemplate":"https:\/\/arendus.pihlakas.eu\/et\/?s={search_term_string}"},"query-input":{"@type":"PropertyValueSpecification","valueRequired":true,"valueName":"search_term_string"}}],"inLanguage":"et"},{"@type":"Organization","@id":"https:\/\/arendus.pihlakas.eu\/et\/#organization","name":"Pihlavald","url":"https:\/\/arendus.pihlakas.eu\/et\/","logo":{"@type":"ImageObject","inLanguage":"et","@id":"https:\/\/arendus.pihlakas.eu\/et\/#\/schema\/logo\/image\/","url":"https:\/\/arendus.pihlakas.eu\/wp-content\/uploads\/2022\/09\/cropped-pihlavald-arendus-copy-1.jpg","contentUrl":"https:\/\/arendus.pihlakas.eu\/wp-content\/uploads\/2022\/09\/cropped-pihlavald-arendus-copy-1.jpg","width":2268,"height":2268,"caption":"Pihlavald"},"image":{"@id":"https:\/\/arendus.pihlakas.eu\/et\/#\/schema\/logo\/image\/"},"sameAs":["https:\/\/www.facebook.com\/Pihlavald"]}]}},"_links":{"self":[{"href":"https:\/\/arendus.pihlakas.eu\/et\/wp-json\/wp\/v2\/pages\/10","targetHints":{"allow":["GET"]}}],"collection":[{"href":"https:\/\/arendus.pihlakas.eu\/et\/wp-json\/wp\/v2\/pages"}],"about":[{"href":"https:\/\/arendus.pihlakas.eu\/et\/wp-json\/wp\/v2\/types\/page"}],"author":[{"embeddable":true,"href":"https:\/\/arendus.pihlakas.eu\/et\/wp-json\/wp\/v2\/users\/1"}],"replies":[{"embeddable":true,"href":"https:\/\/arendus.pihlakas.eu\/et\/wp-json\/wp\/v2\/comments?post=10"}],"version-history":[{"count":9,"href":"https:\/\/arendus.pihlakas.eu\/et\/wp-json\/wp\/v2\/pages\/10\/revisions"}],"predecessor-version":[{"id":641,"href":"https:\/\/arendus.pihlakas.eu\/et\/wp-json\/wp\/v2\/pages\/10\/revisions\/641"}],"wp:attachment":[{"href":"https:\/\/arendus.pihlakas.eu\/et\/wp-json\/wp\/v2\/media?parent=10"}],"curies":[{"name":"wp","href":"https:\/\/api.w.org\/{rel}","templated":true}]}}